{"id":45,"date":"2026-03-31T07:31:51","date_gmt":"2026-03-31T07:31:51","guid":{"rendered":"https:\/\/10.kat-inst-studentje.si\/?post_type=product&#038;p=45"},"modified":"2026-03-31T07:34:15","modified_gmt":"2026-03-31T07:34:15","slug":"moski-parfum-bel","status":"publish","type":"product","link":"https:\/\/10.kat-inst-studentje.si\/?product=moski-parfum-bel","title":{"rendered":"mo\u0161ki parfum &#8211; bel"},"content":{"rendered":"<p><span>Arabiyat Prestige Marwa, 100 ml, Parfumske vode za mo\u0161ke, Niti na koncu napornega dne ne izgubite tempa! Parfumska voda za mo\u0161ke Arabiyat Prestige Marwa je pestra kombinacija di\u0161avnih sestavin, ki vas ne neha zabavati in vas obdr\u017ei v pravem ritmu. aromati\u010dna di\u0161ava z zeli\u0161\u010dnimi toni citrusna di\u0161ava mo\u0161usna di\u0161ava idealna izbira za pogumnega pustolovca di\u0161ava, primerna za vsakodnevno uporabo.<\/span><img loading=\"lazy\" decoding=\"async\" src=\"https:\/\/10.kat-inst-studentje.si\/wp-content\/uploads\/2026\/03\/4171289-day-love-marriage-passion-perfume-valentine-valentines-wedding-coloring-page-original-232x300.png\" alt=\"\" width=\"232\" height=\"300\" class=\"alignnone size-medium wp-image-46\" srcset=\"https:\/\/10.kat-inst-studentje.si\/wp-content\/uploads\/2026\/03\/4171289-day-love-marriage-passion-perfume-valentine-valentines-wedding-coloring-page-original-232x300.png 232w, https:\/\/10.kat-inst-studentje.si\/wp-content\/uploads\/2026\/03\/4171289-day-love-marriage-passion-perfume-valentine-valentines-wedding-coloring-page-original-768x995.png 768w, https:\/\/10.kat-inst-studentje.si\/wp-content\/uploads\/2026\/03\/4171289-day-love-marriage-passion-perfume-valentine-valentines-wedding-coloring-page-original-600x777.png 600w, https:\/\/10.kat-inst-studentje.si\/wp-content\/uploads\/2026\/03\/4171289-day-love-marriage-passion-perfume-valentine-valentines-wedding-coloring-page-original.png 772w\" sizes=\"auto, (max-width: 232px) 100vw, 232px\" \/><\/p>\n","protected":false},"excerpt":{"rendered":"<p>Arabiyat Prestige Marwa, 100 ml, Parfumske vode za mo\u0161ke, Niti na koncu napornega dne ne izgubite tempa! Parfumska voda za mo\u0161ke Arabiyat Prestige Marwa je pestra kombinacija di\u0161avnih sestavin, ki vas ne neha zabavati in vas obdr\u017ei v pravem ritmu. aromati\u010dna di\u0161ava z zeli\u0161\u010dnimi toni citrusna di\u0161ava mo\u0161usna di\u0161ava idealna [&hellip;]<\/p>\n","protected":false},"featured_media":0,"comment_status":"open","ping_status":"closed","template":"","meta":{"_themeisle_gutenberg_block_has_review":false},"product_brand":[],"product_cat":[17],"product_tag":[],"class_list":{"0":"post-45","1":"product","2":"type-product","3":"status-publish","5":"product_cat-moski-parfumi","7":"first","8":"instock","9":"sale","10":"shipping-taxable","11":"purchasable","12":"product-type-simple"},"yoast_head":"<!-- This site is optimized with the Yoast SEO plugin v27.3 - https:\/\/yoast.com\/product\/yoast-seo-wordpress\/ -->\n<title>mo\u0161ki parfum - bel - Student 10<\/title>\n<meta name=\"robots\" content=\"index, follow, max-snippet:-1, max-image-preview:large, max-video-preview:-1\" \/>\n<link rel=\"canonical\" href=\"https:\/\/10.kat-inst-studentje.si\/?product=moski-parfum-bel\" \/>\n<meta property=\"og:locale\" content=\"en_US\" \/>\n<meta property=\"og:type\" content=\"article\" \/>\n<meta property=\"og:title\" content=\"mo\u0161ki parfum - bel - Student 10\" \/>\n<meta property=\"og:description\" content=\"Arabiyat Prestige Marwa, 100 ml, Parfumske vode za mo\u0161ke, Niti na koncu napornega dne ne izgubite tempa! Parfumska voda za mo\u0161ke Arabiyat Prestige Marwa je pestra kombinacija di\u0161avnih sestavin, ki vas ne neha zabavati in vas obdr\u017ei v pravem ritmu. aromati\u010dna di\u0161ava z zeli\u0161\u010dnimi toni citrusna di\u0161ava mo\u0161usna di\u0161ava idealna [&hellip;]\" \/>\n<meta property=\"og:url\" content=\"https:\/\/10.kat-inst-studentje.si\/?product=moski-parfum-bel\" \/>\n<meta property=\"og:site_name\" content=\"Student 10\" \/>\n<meta property=\"article:modified_time\" content=\"2026-03-31T07:34:15+00:00\" \/>\n<meta property=\"og:image\" content=\"https:\/\/10.kat-inst-studentje.si\/wp-content\/uploads\/2026\/03\/4171289-day-love-marriage-passion-perfume-valentine-valentines-wedding-coloring-page-original.png\" \/>\n\t<meta property=\"og:image:width\" content=\"772\" \/>\n\t<meta property=\"og:image:height\" content=\"1000\" \/>\n\t<meta property=\"og:image:type\" content=\"image\/png\" \/>\n<meta name=\"twitter:card\" content=\"summary_large_image\" \/>\n<script type=\"application\/ld+json\" class=\"yoast-schema-graph\">{\"@context\":\"https:\\\/\\\/schema.org\",\"@graph\":[{\"@type\":\"WebPage\",\"@id\":\"https:\\\/\\\/10.kat-inst-studentje.si\\\/?product=moski-parfum-bel\",\"url\":\"https:\\\/\\\/10.kat-inst-studentje.si\\\/?product=moski-parfum-bel\",\"name\":\"mo\u0161ki parfum - bel - Student 10\",\"isPartOf\":{\"@id\":\"https:\\\/\\\/10.kat-inst-studentje.si\\\/#website\"},\"primaryImageOfPage\":{\"@id\":\"https:\\\/\\\/10.kat-inst-studentje.si\\\/?product=moski-parfum-bel#primaryimage\"},\"image\":{\"@id\":\"https:\\\/\\\/10.kat-inst-studentje.si\\\/?product=moski-parfum-bel#primaryimage\"},\"thumbnailUrl\":\"https:\\\/\\\/10.kat-inst-studentje.si\\\/wp-content\\\/uploads\\\/2026\\\/03\\\/4171289-day-love-marriage-passion-perfume-valentine-valentines-wedding-coloring-page-original-232x300.png\",\"datePublished\":\"2026-03-31T07:31:51+00:00\",\"dateModified\":\"2026-03-31T07:34:15+00:00\",\"breadcrumb\":{\"@id\":\"https:\\\/\\\/10.kat-inst-studentje.si\\\/?product=moski-parfum-bel#breadcrumb\"},\"inLanguage\":\"en-US\",\"potentialAction\":[{\"@type\":\"ReadAction\",\"target\":[\"https:\\\/\\\/10.kat-inst-studentje.si\\\/?product=moski-parfum-bel\"]}]},{\"@type\":\"ImageObject\",\"inLanguage\":\"en-US\",\"@id\":\"https:\\\/\\\/10.kat-inst-studentje.si\\\/?product=moski-parfum-bel#primaryimage\",\"url\":\"https:\\\/\\\/10.kat-inst-studentje.si\\\/wp-content\\\/uploads\\\/2026\\\/03\\\/4171289-day-love-marriage-passion-perfume-valentine-valentines-wedding-coloring-page-original.png\",\"contentUrl\":\"https:\\\/\\\/10.kat-inst-studentje.si\\\/wp-content\\\/uploads\\\/2026\\\/03\\\/4171289-day-love-marriage-passion-perfume-valentine-valentines-wedding-coloring-page-original.png\",\"width\":772,\"height\":1000},{\"@type\":\"BreadcrumbList\",\"@id\":\"https:\\\/\\\/10.kat-inst-studentje.si\\\/?product=moski-parfum-bel#breadcrumb\",\"itemListElement\":[{\"@type\":\"ListItem\",\"position\":1,\"name\":\"Home\",\"item\":\"https:\\\/\\\/10.kat-inst-studentje.si\\\/\"},{\"@type\":\"ListItem\",\"position\":2,\"name\":\"Shop\",\"item\":\"https:\\\/\\\/10.kat-inst-studentje.si\\\/?page_id=36\"},{\"@type\":\"ListItem\",\"position\":3,\"name\":\"mo\u0161ki parfum &#8211; bel\"}]},{\"@type\":\"WebSite\",\"@id\":\"https:\\\/\\\/10.kat-inst-studentje.si\\\/#website\",\"url\":\"https:\\\/\\\/10.kat-inst-studentje.si\\\/\",\"name\":\"Student 10\",\"description\":\"\",\"potentialAction\":[{\"@type\":\"SearchAction\",\"target\":{\"@type\":\"EntryPoint\",\"urlTemplate\":\"https:\\\/\\\/10.kat-inst-studentje.si\\\/?s={search_term_string}\"},\"query-input\":{\"@type\":\"PropertyValueSpecification\",\"valueRequired\":true,\"valueName\":\"search_term_string\"}}],\"inLanguage\":\"en-US\"}]}<\/script>\n<!-- \/ Yoast SEO plugin. -->","yoast_head_json":{"title":"mo\u0161ki parfum - bel - Student 10","robots":{"index":"index","follow":"follow","max-snippet":"max-snippet:-1","max-image-preview":"max-image-preview:large","max-video-preview":"max-video-preview:-1"},"canonical":"https:\/\/10.kat-inst-studentje.si\/?product=moski-parfum-bel","og_locale":"en_US","og_type":"article","og_title":"mo\u0161ki parfum - bel - Student 10","og_description":"Arabiyat Prestige Marwa, 100 ml, Parfumske vode za mo\u0161ke, Niti na koncu napornega dne ne izgubite tempa! Parfumska voda za mo\u0161ke Arabiyat Prestige Marwa je pestra kombinacija di\u0161avnih sestavin, ki vas ne neha zabavati in vas obdr\u017ei v pravem ritmu. aromati\u010dna di\u0161ava z zeli\u0161\u010dnimi toni citrusna di\u0161ava mo\u0161usna di\u0161ava idealna [&hellip;]","og_url":"https:\/\/10.kat-inst-studentje.si\/?product=moski-parfum-bel","og_site_name":"Student 10","article_modified_time":"2026-03-31T07:34:15+00:00","og_image":[{"width":772,"height":1000,"url":"https:\/\/10.kat-inst-studentje.si\/wp-content\/uploads\/2026\/03\/4171289-day-love-marriage-passion-perfume-valentine-valentines-wedding-coloring-page-original.png","type":"image\/png"}],"twitter_card":"summary_large_image","schema":{"@context":"https:\/\/schema.org","@graph":[{"@type":"WebPage","@id":"https:\/\/10.kat-inst-studentje.si\/?product=moski-parfum-bel","url":"https:\/\/10.kat-inst-studentje.si\/?product=moski-parfum-bel","name":"mo\u0161ki parfum - bel - Student 10","isPartOf":{"@id":"https:\/\/10.kat-inst-studentje.si\/#website"},"primaryImageOfPage":{"@id":"https:\/\/10.kat-inst-studentje.si\/?product=moski-parfum-bel#primaryimage"},"image":{"@id":"https:\/\/10.kat-inst-studentje.si\/?product=moski-parfum-bel#primaryimage"},"thumbnailUrl":"https:\/\/10.kat-inst-studentje.si\/wp-content\/uploads\/2026\/03\/4171289-day-love-marriage-passion-perfume-valentine-valentines-wedding-coloring-page-original-232x300.png","datePublished":"2026-03-31T07:31:51+00:00","dateModified":"2026-03-31T07:34:15+00:00","breadcrumb":{"@id":"https:\/\/10.kat-inst-studentje.si\/?product=moski-parfum-bel#breadcrumb"},"inLanguage":"en-US","potentialAction":[{"@type":"ReadAction","target":["https:\/\/10.kat-inst-studentje.si\/?product=moski-parfum-bel"]}]},{"@type":"ImageObject","inLanguage":"en-US","@id":"https:\/\/10.kat-inst-studentje.si\/?product=moski-parfum-bel#primaryimage","url":"https:\/\/10.kat-inst-studentje.si\/wp-content\/uploads\/2026\/03\/4171289-day-love-marriage-passion-perfume-valentine-valentines-wedding-coloring-page-original.png","contentUrl":"https:\/\/10.kat-inst-studentje.si\/wp-content\/uploads\/2026\/03\/4171289-day-love-marriage-passion-perfume-valentine-valentines-wedding-coloring-page-original.png","width":772,"height":1000},{"@type":"BreadcrumbList","@id":"https:\/\/10.kat-inst-studentje.si\/?product=moski-parfum-bel#breadcrumb","itemListElement":[{"@type":"ListItem","position":1,"name":"Home","item":"https:\/\/10.kat-inst-studentje.si\/"},{"@type":"ListItem","position":2,"name":"Shop","item":"https:\/\/10.kat-inst-studentje.si\/?page_id=36"},{"@type":"ListItem","position":3,"name":"mo\u0161ki parfum &#8211; bel"}]},{"@type":"WebSite","@id":"https:\/\/10.kat-inst-studentje.si\/#website","url":"https:\/\/10.kat-inst-studentje.si\/","name":"Student 10","description":"","potentialAction":[{"@type":"SearchAction","target":{"@type":"EntryPoint","urlTemplate":"https:\/\/10.kat-inst-studentje.si\/?s={search_term_string}"},"query-input":{"@type":"PropertyValueSpecification","valueRequired":true,"valueName":"search_term_string"}}],"inLanguage":"en-US"}]}},"_links":{"self":[{"href":"https:\/\/10.kat-inst-studentje.si\/index.php?rest_route=\/wp\/v2\/product\/45","targetHints":{"allow":["GET"]}}],"collection":[{"href":"https:\/\/10.kat-inst-studentje.si\/index.php?rest_route=\/wp\/v2\/product"}],"about":[{"href":"https:\/\/10.kat-inst-studentje.si\/index.php?rest_route=\/wp\/v2\/types\/product"}],"replies":[{"embeddable":true,"href":"https:\/\/10.kat-inst-studentje.si\/index.php?rest_route=%2Fwp%2Fv2%2Fcomments&post=45"}],"wp:attachment":[{"href":"https:\/\/10.kat-inst-studentje.si\/index.php?rest_route=%2Fwp%2Fv2%2Fmedia&parent=45"}],"wp:term":[{"taxonomy":"product_brand","embeddable":true,"href":"https:\/\/10.kat-inst-studentje.si\/index.php?rest_route=%2Fwp%2Fv2%2Fproduct_brand&post=45"},{"taxonomy":"product_cat","embeddable":true,"href":"https:\/\/10.kat-inst-studentje.si\/index.php?rest_route=%2Fwp%2Fv2%2Fproduct_cat&post=45"},{"taxonomy":"product_tag","embeddable":true,"href":"https:\/\/10.kat-inst-studentje.si\/index.php?rest_route=%2Fwp%2Fv2%2Fproduct_tag&post=45"}],"curies":[{"name":"wp","href":"https:\/\/api.w.org\/{rel}","templated":true}]}}