{"id":41,"date":"2026-03-31T07:21:07","date_gmt":"2026-03-31T07:21:07","guid":{"rendered":"https:\/\/10.kat-inst-studentje.si\/?post_type=product&#038;p=41"},"modified":"2026-03-31T07:35:57","modified_gmt":"2026-03-31T07:35:57","slug":"zenski-parfum-roza","status":"publish","type":"product","link":"https:\/\/10.kat-inst-studentje.si\/?product=zenski-parfum-roza","title":{"rendered":"\u017denski parfum &#8211; roza"},"content":{"rendered":"<p>Parfumska voda Carolina Herrera La Bomba predstavlja strast, veselje in nebrzdan duh \u017eenske. S svojo cvetli\u010dno di\u0161avo vas vabi, da \u017eivite svobodno, na polno in pristno. Vsaka \u017eenska je lahko La Bomba zaradi radostne me\u0161anice eksoti\u010dne pitaje, bogate \u010de\u0161njeve potonike in son\u010dne vanilje.<\/p>\n<p>cvetli\u010dna di\u0161ava za \u017eenske, polna veselja<\/p>\n<p>primerna za dnevno no\u0161enje in posebne trenutke<\/p>\n<p>200-ml stekleni\u010dka za ponovno polnjenje<\/p>\n<p>Sestava di\u0161ave:<\/p>\n<p>Parfumska voda La Bomba se odpre z energi\u010dnim izbruhom eksoti\u010dne, so\u010dne pitaje. Sledi omamen vonj rde\u010de, \u010dutne plumerije in \u010de\u0161njeve potonike, ki prina\u0161ata veselje, \u017eenstvenost in eleganco. Vse dopolnjuje ne\u017ena, son\u010dna vanilja, katere topla sladkost pusti sijo\u010d in nepozaben vtis.<\/p>\n<p>Zgodba di\u0161ave:<\/p>\n<p>Steklena di\u0161ave La Bomba v ro\u017enato-fuksija barvi z zlatim pokrov\u010dkom in ro\u017eevcem spominja na metulja, ki se pripravlja, da bo vzletel \u2013 ste pripravljeni vzleteti z njim?<\/p>\n","protected":false},"excerpt":{"rendered":"<p>Parfumska voda Carolina Herrera La Bomba predstavlja strast, veselje in nebrzdan duh \u017eenske. S svojo cvetli\u010dno di\u0161avo vas vabi, da \u017eivite svobodno, na polno in pristno. Vsaka \u017eenska je lahko La Bomba zaradi radostne me\u0161anice eksoti\u010dne pitaje, bogate \u010de\u0161njeve potonike in son\u010dne vanilje.<\/p>\n","protected":false},"featured_media":0,"comment_status":"open","ping_status":"closed","template":"","meta":{"_themeisle_gutenberg_block_has_review":false},"product_brand":[],"product_cat":[18],"product_tag":[],"class_list":{"0":"post-41","1":"product","2":"type-product","3":"status-publish","5":"product_cat-zenski-parfumi","7":"first","8":"instock","9":"sale","10":"shipping-taxable","11":"purchasable","12":"product-type-simple"},"yoast_head":"<!-- This site is optimized with the Yoast SEO plugin v27.3 - https:\/\/yoast.com\/product\/yoast-seo-wordpress\/ -->\n<title>\u017denski parfum - roza - Student 10<\/title>\n<meta name=\"robots\" content=\"index, follow, max-snippet:-1, max-image-preview:large, max-video-preview:-1\" \/>\n<link rel=\"canonical\" href=\"https:\/\/10.kat-inst-studentje.si\/?product=zenski-parfum-roza\" \/>\n<meta property=\"og:locale\" content=\"en_US\" \/>\n<meta property=\"og:type\" content=\"article\" \/>\n<meta property=\"og:title\" content=\"\u017denski parfum - roza - Student 10\" \/>\n<meta property=\"og:description\" content=\"Parfumska voda Carolina Herrera La Bomba predstavlja strast, veselje in nebrzdan duh \u017eenske. S svojo cvetli\u010dno di\u0161avo vas vabi, da \u017eivite svobodno, na polno in pristno. Vsaka \u017eenska je lahko La Bomba zaradi radostne me\u0161anice eksoti\u010dne pitaje, bogate \u010de\u0161njeve potonike in son\u010dne vanilje.\" \/>\n<meta property=\"og:url\" content=\"https:\/\/10.kat-inst-studentje.si\/?product=zenski-parfum-roza\" \/>\n<meta property=\"og:site_name\" content=\"Student 10\" \/>\n<meta property=\"article:modified_time\" content=\"2026-03-31T07:35:57+00:00\" \/>\n<meta name=\"twitter:card\" content=\"summary_large_image\" \/>\n<meta name=\"twitter:label1\" content=\"Est. reading time\" \/>\n\t<meta name=\"twitter:data1\" content=\"1 minute\" \/>\n<script type=\"application\/ld+json\" class=\"yoast-schema-graph\">{\"@context\":\"https:\\\/\\\/schema.org\",\"@graph\":[{\"@type\":\"WebPage\",\"@id\":\"https:\\\/\\\/10.kat-inst-studentje.si\\\/?product=zenski-parfum-roza\",\"url\":\"https:\\\/\\\/10.kat-inst-studentje.si\\\/?product=zenski-parfum-roza\",\"name\":\"\u017denski parfum - roza - Student 10\",\"isPartOf\":{\"@id\":\"https:\\\/\\\/10.kat-inst-studentje.si\\\/#website\"},\"datePublished\":\"2026-03-31T07:21:07+00:00\",\"dateModified\":\"2026-03-31T07:35:57+00:00\",\"breadcrumb\":{\"@id\":\"https:\\\/\\\/10.kat-inst-studentje.si\\\/?product=zenski-parfum-roza#breadcrumb\"},\"inLanguage\":\"en-US\",\"potentialAction\":[{\"@type\":\"ReadAction\",\"target\":[\"https:\\\/\\\/10.kat-inst-studentje.si\\\/?product=zenski-parfum-roza\"]}]},{\"@type\":\"BreadcrumbList\",\"@id\":\"https:\\\/\\\/10.kat-inst-studentje.si\\\/?product=zenski-parfum-roza#breadcrumb\",\"itemListElement\":[{\"@type\":\"ListItem\",\"position\":1,\"name\":\"Home\",\"item\":\"https:\\\/\\\/10.kat-inst-studentje.si\\\/\"},{\"@type\":\"ListItem\",\"position\":2,\"name\":\"Shop\",\"item\":\"https:\\\/\\\/10.kat-inst-studentje.si\\\/?page_id=36\"},{\"@type\":\"ListItem\",\"position\":3,\"name\":\"\u017denski parfum &#8211; roza\"}]},{\"@type\":\"WebSite\",\"@id\":\"https:\\\/\\\/10.kat-inst-studentje.si\\\/#website\",\"url\":\"https:\\\/\\\/10.kat-inst-studentje.si\\\/\",\"name\":\"Student 10\",\"description\":\"\",\"potentialAction\":[{\"@type\":\"SearchAction\",\"target\":{\"@type\":\"EntryPoint\",\"urlTemplate\":\"https:\\\/\\\/10.kat-inst-studentje.si\\\/?s={search_term_string}\"},\"query-input\":{\"@type\":\"PropertyValueSpecification\",\"valueRequired\":true,\"valueName\":\"search_term_string\"}}],\"inLanguage\":\"en-US\"}]}<\/script>\n<!-- \/ Yoast SEO plugin. -->","yoast_head_json":{"title":"\u017denski parfum - roza - Student 10","robots":{"index":"index","follow":"follow","max-snippet":"max-snippet:-1","max-image-preview":"max-image-preview:large","max-video-preview":"max-video-preview:-1"},"canonical":"https:\/\/10.kat-inst-studentje.si\/?product=zenski-parfum-roza","og_locale":"en_US","og_type":"article","og_title":"\u017denski parfum - roza - Student 10","og_description":"Parfumska voda Carolina Herrera La Bomba predstavlja strast, veselje in nebrzdan duh \u017eenske. S svojo cvetli\u010dno di\u0161avo vas vabi, da \u017eivite svobodno, na polno in pristno. Vsaka \u017eenska je lahko La Bomba zaradi radostne me\u0161anice eksoti\u010dne pitaje, bogate \u010de\u0161njeve potonike in son\u010dne vanilje.","og_url":"https:\/\/10.kat-inst-studentje.si\/?product=zenski-parfum-roza","og_site_name":"Student 10","article_modified_time":"2026-03-31T07:35:57+00:00","twitter_card":"summary_large_image","twitter_misc":{"Est. reading time":"1 minute"},"schema":{"@context":"https:\/\/schema.org","@graph":[{"@type":"WebPage","@id":"https:\/\/10.kat-inst-studentje.si\/?product=zenski-parfum-roza","url":"https:\/\/10.kat-inst-studentje.si\/?product=zenski-parfum-roza","name":"\u017denski parfum - roza - Student 10","isPartOf":{"@id":"https:\/\/10.kat-inst-studentje.si\/#website"},"datePublished":"2026-03-31T07:21:07+00:00","dateModified":"2026-03-31T07:35:57+00:00","breadcrumb":{"@id":"https:\/\/10.kat-inst-studentje.si\/?product=zenski-parfum-roza#breadcrumb"},"inLanguage":"en-US","potentialAction":[{"@type":"ReadAction","target":["https:\/\/10.kat-inst-studentje.si\/?product=zenski-parfum-roza"]}]},{"@type":"BreadcrumbList","@id":"https:\/\/10.kat-inst-studentje.si\/?product=zenski-parfum-roza#breadcrumb","itemListElement":[{"@type":"ListItem","position":1,"name":"Home","item":"https:\/\/10.kat-inst-studentje.si\/"},{"@type":"ListItem","position":2,"name":"Shop","item":"https:\/\/10.kat-inst-studentje.si\/?page_id=36"},{"@type":"ListItem","position":3,"name":"\u017denski parfum &#8211; roza"}]},{"@type":"WebSite","@id":"https:\/\/10.kat-inst-studentje.si\/#website","url":"https:\/\/10.kat-inst-studentje.si\/","name":"Student 10","description":"","potentialAction":[{"@type":"SearchAction","target":{"@type":"EntryPoint","urlTemplate":"https:\/\/10.kat-inst-studentje.si\/?s={search_term_string}"},"query-input":{"@type":"PropertyValueSpecification","valueRequired":true,"valueName":"search_term_string"}}],"inLanguage":"en-US"}]}},"_links":{"self":[{"href":"https:\/\/10.kat-inst-studentje.si\/index.php?rest_route=\/wp\/v2\/product\/41","targetHints":{"allow":["GET"]}}],"collection":[{"href":"https:\/\/10.kat-inst-studentje.si\/index.php?rest_route=\/wp\/v2\/product"}],"about":[{"href":"https:\/\/10.kat-inst-studentje.si\/index.php?rest_route=\/wp\/v2\/types\/product"}],"replies":[{"embeddable":true,"href":"https:\/\/10.kat-inst-studentje.si\/index.php?rest_route=%2Fwp%2Fv2%2Fcomments&post=41"}],"wp:attachment":[{"href":"https:\/\/10.kat-inst-studentje.si\/index.php?rest_route=%2Fwp%2Fv2%2Fmedia&parent=41"}],"wp:term":[{"taxonomy":"product_brand","embeddable":true,"href":"https:\/\/10.kat-inst-studentje.si\/index.php?rest_route=%2Fwp%2Fv2%2Fproduct_brand&post=41"},{"taxonomy":"product_cat","embeddable":true,"href":"https:\/\/10.kat-inst-studentje.si\/index.php?rest_route=%2Fwp%2Fv2%2Fproduct_cat&post=41"},{"taxonomy":"product_tag","embeddable":true,"href":"https:\/\/10.kat-inst-studentje.si\/index.php?rest_route=%2Fwp%2Fv2%2Fproduct_tag&post=41"}],"curies":[{"name":"wp","href":"https:\/\/api.w.org\/{rel}","templated":true}]}}